{"id":7822,"date":"2022-06-30T10:17:30","date_gmt":"2022-06-30T15:17:30","guid":{"rendered":"https:\/\/www.inkoop-group.com\/catering-de-alto-volumen\/"},"modified":"2022-12-09T08:01:18","modified_gmt":"2022-12-09T13:01:18","slug":"high-volume-catering","status":"publish","type":"page","link":"https:\/\/www.inkoop-group.com\/en\/high-volume-catering\/","title":{"rendered":"High Volume Catering"},"content":{"rendered":"\t\t<div data-elementor-type=\"wp-page\" data-elementor-id=\"7822\" class=\"elementor elementor-7822\" data-elementor-post-type=\"page\">\n\t\t\t\t\t\t<section class=\"elementor-section elementor-top-section elementor-element elementor-element-a61de18 elementor-section-height-min-height elementor-section-stretched elementor-section-content-middle elementor-section-boxed elementor-section-height-default elementor-section-items-middle\" data-id=\"a61de18\" data-element_type=\"section\" data-settings=\"{&quot;background_background&quot;:&quot;classic&quot;,&quot;stretch_section&quot;:&quot;section-stretched&quot;}\">\n\t\t\t\t\t\t\t<div class=\"elementor-background-overlay\"><\/div>\n\t\t\t\t\t\t\t<div class=\"elementor-container elementor-column-gap-default\">\n\t\t\t\t\t<div class=\"elementor-column elementor-col-100 elementor-top-column elementor-element elementor-element-b8148a6\" data-id=\"b8148a6\" data-element_type=\"column\" data-settings=\"{&quot;background_background&quot;:&quot;classic&quot;}\">\n\t\t\t<div class=\"elementor-widget-wrap elementor-element-populated\">\n\t\t\t\t\t\t<div class=\"elementor-element elementor-element-939b771 elementor-widget elementor-widget-breadcrumbs\" data-id=\"939b771\" data-element_type=\"widget\" data-widget_type=\"breadcrumbs.default\">\n\t\t\t\t<div class=\"elementor-widget-container\">\n\t\t\t\t\t<p id=\"breadcrumbs\"><span><span><a href=\"https:\/\/www.inkoop-group.com\/en\/\">Inicio<\/a><\/span><\/span><\/p>\t\t\t\t<\/div>\n\t\t\t\t<\/div>\n\t\t\t\t<div class=\"elementor-element elementor-element-5fdb9ee elementor-widget__width-initial elementor-widget-tablet__width-initial elementor-widget elementor-widget-advanced-title\" data-id=\"5fdb9ee\" data-element_type=\"widget\" data-widget_type=\"advanced-title.default\">\n\t\t\t\t<div class=\"elementor-widget-container\">\n\t\t\t\t\t\t\t<div class=\"advanced-title\">\n\t\t\t<h1>High Volume Catering<\/h1>\t\t<\/div>\n\t\t\t\t\t\t<\/div>\n\t\t\t\t<\/div>\n\t\t\t\t\t<\/div>\n\t\t<\/div>\n\t\t\t\t\t<\/div>\n\t\t<\/section>\n\t\t\t\t<section class=\"elementor-section elementor-top-section elementor-element elementor-element-28d5b4a elementor-section-boxed elementor-section-height-default elementor-section-height-default\" data-id=\"28d5b4a\" data-element_type=\"section\">\n\t\t\t\t\t\t<div class=\"elementor-container elementor-column-gap-default\">\n\t\t\t\t\t<div class=\"elementor-column elementor-col-50 elementor-top-column elementor-element elementor-element-622d456\" data-id=\"622d456\" data-element_type=\"column\">\n\t\t\t<div class=\"elementor-widget-wrap elementor-element-populated\">\n\t\t\t\t\t\t<div class=\"elementor-element elementor-element-7b0aab6 elementor-widget elementor-widget-image\" data-id=\"7b0aab6\" data-element_type=\"widget\" data-widget_type=\"image.default\">\n\t\t\t\t<div class=\"elementor-widget-container\">\n\t\t\t\t\t\t\t\t\t\t\t\t\t\t\t<img fetchpriority=\"high\" decoding=\"async\" width=\"766\" height=\"665\" src=\"https:\/\/www.inkoop-group.com\/wp-content\/uploads\/2022\/11\/boton-inkoop.png\" class=\"attachment-large size-large wp-image-7652\" alt=\"\" srcset=\"https:\/\/www.inkoop-group.com\/wp-content\/uploads\/2022\/11\/boton-inkoop.png 766w, https:\/\/www.inkoop-group.com\/wp-content\/uploads\/2022\/11\/boton-inkoop-300x260.png 300w\" sizes=\"(max-width: 766px) 100vw, 766px\" \/>\t\t\t\t\t\t\t\t\t\t\t\t\t\t\t<\/div>\n\t\t\t\t<\/div>\n\t\t\t\t\t<\/div>\n\t\t<\/div>\n\t\t\t\t<div class=\"elementor-column elementor-col-50 elementor-top-column elementor-element elementor-element-78f573d\" data-id=\"78f573d\" data-element_type=\"column\">\n\t\t\t<div class=\"elementor-widget-wrap elementor-element-populated\">\n\t\t\t\t\t\t<div class=\"elementor-element elementor-element-050b88f elementor-widget elementor-widget-text-editor\" data-id=\"050b88f\" data-element_type=\"widget\" data-widget_type=\"text-editor.default\">\n\t\t\t\t<div class=\"elementor-widget-container\">\n\t\t\t\t\t\t\t\t\t<p>Carefully managed projects, analyzing each step of the operation and with the help of artificial intelligence, allow us to keep a close eye on the minimum and maximum of the products that our customers keep in their key points.<\/p>\t\t\t\t\t\t\t\t<\/div>\n\t\t\t\t<\/div>\n\t\t\t\t<div class=\"elementor-element elementor-element-59058f0 elementor-widget elementor-widget-text-editor\" data-id=\"59058f0\" data-element_type=\"widget\" data-widget_type=\"text-editor.default\">\n\t\t\t\t<div class=\"elementor-widget-container\">\n\t\t\t\t\t\t\t\t\t<p>De esta forma, garantiza el control de cu\u00e1ndo iniciar el proceso log\u00edstico con prontitud, lo que evita el desabastecimiento de cualquier tipo de requerimiento o producto.<\/p>\t\t\t\t\t\t\t\t<\/div>\n\t\t\t\t<\/div>\n\t\t\t\t<div class=\"elementor-element elementor-element-918bb1a elementor-widget elementor-widget-text-editor\" data-id=\"918bb1a\" data-element_type=\"widget\" data-widget_type=\"text-editor.default\">\n\t\t\t\t<div class=\"elementor-widget-container\">\n\t\t\t\t\t\t\t\t\t<p>Our highly trained personnel, guarantees in this way, to process in time all the necessary logistics on the supply of products, whether national or international, until its distribution or delivery at the agreed points (urban area, projects, mountain or compamentos).<\/p>\t\t\t\t\t\t\t\t<\/div>\n\t\t\t\t<\/div>\n\t\t\t\t<div class=\"elementor-element elementor-element-d91ec19 elementor-widget elementor-widget-text-editor\" data-id=\"d91ec19\" data-element_type=\"widget\" data-widget_type=\"text-editor.default\">\n\t\t\t\t<div class=\"elementor-widget-container\">\n\t\t\t\t\t\t\t\t\t<p>In our Remote Projects, we work under a fixed-price contract, for a defined period of time, so we guarantee our quality vs. price.<\/p>\t\t\t\t\t\t\t\t<\/div>\n\t\t\t\t<\/div>\n\t\t\t\t\t<\/div>\n\t\t<\/div>\n\t\t\t\t\t<\/div>\n\t\t<\/section>\n\t\t\t\t<section class=\"elementor-section elementor-top-section elementor-element elementor-element-ed12f41 elementor-section-boxed elementor-section-height-default elementor-section-height-default\" data-id=\"ed12f41\" data-element_type=\"section\" data-settings=\"{&quot;background_background&quot;:&quot;classic&quot;}\">\n\t\t\t\t\t\t<div class=\"elementor-container elementor-column-gap-default\">\n\t\t\t\t\t<div class=\"elementor-column elementor-col-100 elementor-top-column elementor-element elementor-element-e7862a1\" data-id=\"e7862a1\" data-element_type=\"column\">\n\t\t\t<div class=\"elementor-widget-wrap elementor-element-populated\">\n\t\t\t\t\t\t<section class=\"elementor-section elementor-inner-section elementor-element elementor-element-2dba6f8d elementor-section-boxed elementor-section-height-default elementor-section-height-default\" data-id=\"2dba6f8d\" data-element_type=\"section\" data-settings=\"{&quot;background_background&quot;:&quot;classic&quot;}\">\n\t\t\t\t\t\t<div class=\"elementor-container elementor-column-gap-default\">\n\t\t\t\t\t<div class=\"elementor-column elementor-col-100 elementor-inner-column elementor-element elementor-element-6d67e633\" data-id=\"6d67e633\" data-element_type=\"column\" data-settings=\"{&quot;background_background&quot;:&quot;classic&quot;}\">\n\t\t\t<div class=\"elementor-widget-wrap elementor-element-populated\">\n\t\t\t\t\t\t<div class=\"elementor-element elementor-element-6fb2adde elementor-widget__width-auto elementor-absolute elementor-view-default elementor-widget elementor-widget-icon\" data-id=\"6fb2adde\" data-element_type=\"widget\" data-settings=\"{&quot;_position&quot;:&quot;absolute&quot;}\" data-widget_type=\"icon.default\">\n\t\t\t\t<div class=\"elementor-widget-container\">\n\t\t\t\t\t\t\t<div class=\"elementor-icon-wrapper\">\n\t\t\t<div class=\"elementor-icon\">\n\t\t\t<i aria-hidden=\"true\" class=\" companion-icon-question-circle\"><\/i>\t\t\t<\/div>\n\t\t<\/div>\n\t\t\t\t\t\t<\/div>\n\t\t\t\t<\/div>\n\t\t\t\t<div class=\"elementor-element elementor-element-7531c869 elementor-widget__width-initial elementor-widget elementor-widget-heading\" data-id=\"7531c869\" data-element_type=\"widget\" data-widget_type=\"heading.default\">\n\t\t\t\t<div class=\"elementor-widget-container\">\n\t\t\t\t\t<h2 class=\"elementor-heading-title elementor-size-default\">Contact us<\/h2>\t\t\t\t<\/div>\n\t\t\t\t<\/div>\n\t\t\t\t<div class=\"elementor-element elementor-element-a656822 elementor-widget__width-initial elementor-widget elementor-widget-contact-form-7\" data-id=\"a656822\" data-element_type=\"widget\" data-widget_type=\"contact-form-7.default\">\n\t\t\t\t<div class=\"elementor-widget-container\">\n\t\t\t\t\t\t\t\t<div class=\"companion-cf7\">\n\t\t\t\t\n<div class=\"wpcf7 no-js\" id=\"wpcf7-f789-o1\" lang=\"en-US\" dir=\"ltr\" data-wpcf7-id=\"789\">\n<div class=\"screen-reader-response\"><p role=\"status\" aria-live=\"polite\" aria-atomic=\"true\"><\/p> <ul><\/ul><\/div>\n<form action=\"\/en\/wp-json\/wp\/v2\/pages\/7822#wpcf7-f789-o1\" method=\"post\" class=\"wpcf7-form init\" aria-label=\"Contact form\" novalidate=\"novalidate\" data-status=\"init\">\n<fieldset class=\"hidden-fields-container\"><input type=\"hidden\" name=\"_wpcf7\" value=\"789\" \/><input type=\"hidden\" name=\"_wpcf7_version\" value=\"6.1.4\" \/><input type=\"hidden\" name=\"_wpcf7_locale\" value=\"en_US\" \/><input type=\"hidden\" name=\"_wpcf7_unit_tag\" value=\"wpcf7-f789-o1\" \/><input type=\"hidden\" name=\"_wpcf7_container_post\" value=\"0\" \/><input type=\"hidden\" name=\"_wpcf7_posted_data_hash\" value=\"\" \/><input type=\"hidden\" name=\"_wpcf7_recaptcha_response\" value=\"\" \/>\n<\/fieldset>\n<div class=\"row\">\n\t<div class=\"stm-col-xl-9 stm-col-md-12\">\n\t\t<div class=\"row\">\n\t\t\t<div class=\"stm-col-xl-6\">\n\t\t\t\t<p><span class=\"wpcf7-form-control-wrap\" data-name=\"your-name\"><input size=\"40\" maxlength=\"400\" class=\"wpcf7-form-control wpcf7-text wpcf7-validates-as-required\" aria-required=\"true\" aria-invalid=\"false\" placeholder=\"Su nombre\" value=\"\" type=\"text\" name=\"your-name\" \/><\/span>\n\t\t\t\t<\/p>\n\t\t\t<\/div>\n\t\t\t<div class=\"stm-col-xl-6\">\n\t\t\t\t<p><span class=\"wpcf7-form-control-wrap\" data-name=\"your-email\"><input size=\"40\" maxlength=\"400\" class=\"wpcf7-form-control wpcf7-email wpcf7-validates-as-required wpcf7-text wpcf7-validates-as-email\" aria-required=\"true\" aria-invalid=\"false\" placeholder=\"Su email\" value=\"\" type=\"email\" name=\"your-email\" \/><\/span>\n\t\t\t\t<\/p>\n\t\t\t<\/div>\n\t\t<\/div>\n\t<\/div>\n<\/div>\n<div class=\"row\">\n\t<div class=\"stm-col-xl-9 stm-col-md-12\">\n\t\t<p><span class=\"wpcf7-form-control-wrap\" data-name=\"your-message\"><textarea cols=\"40\" rows=\"10\" maxlength=\"2000\" class=\"wpcf7-form-control wpcf7-textarea\" aria-invalid=\"false\" placeholder=\"Haga su consulta\" name=\"your-message\"><\/textarea><\/span>\n\t\t<\/p>\n\t<\/div>\n\t<div class=\"stm-col-xl-3 stm-col-md-12\">\n\t\t<p><input class=\"wpcf7-form-control wpcf7-submit has-spinner\" type=\"submit\" value=\"Enviar\" \/>\n\t\t<\/p>\n\t<\/div>\n<\/div><div class=\"wpcf7-response-output\" aria-hidden=\"true\"><\/div>\n<\/form>\n<\/div>\n\t\t\t<\/div>\n\t\t\t\t\t\t\t<\/div>\n\t\t\t\t<\/div>\n\t\t\t\t\t<\/div>\n\t\t<\/div>\n\t\t\t\t\t<\/div>\n\t\t<\/section>\n\t\t\t\t\t<\/div>\n\t\t<\/div>\n\t\t\t\t\t<\/div>\n\t\t<\/section>\n\t\t\t\t<\/div>\n\t\t","protected":false},"excerpt":{"rendered":"<p>Inkoop Group High Volume Catering Carefully managed projects, analyzing each step of the operation and with the help of artificial intelligence, allow us to keep a close eye on the minimum and maximum of the products that our customers keep in their key points. De esta forma, garantiza el control de cu\u00e1ndo iniciar el proceso<a href=\"https:\/\/www.inkoop-group.com\/en\/high-volume-catering\/\" class=\"more-link\"><span class=\"screen-reader-text\">High Volume Catering<\/span><\/a><\/p>\n","protected":false},"author":1,"featured_media":0,"parent":0,"menu_order":0,"comment_status":"closed","ping_status":"closed","template":"","meta":{"footnotes":""},"class_list":["post-7822","page","type-page","status-publish","hentry"],"yoast_head":"<!-- This site is optimized with the Yoast SEO Premium plugin v26.0 (Yoast SEO v26.8) - https:\/\/yoast.com\/product\/yoast-seo-premium-wordpress\/ -->\n<title>High Volume Catering - Inkoop Group<\/title>\n<meta name=\"robots\" content=\"index, follow, max-snippet:-1, max-image-preview:large, max-video-preview:-1\" \/>\n<link rel=\"canonical\" href=\"https:\/\/www.inkoop-group.com\/en\/high-volume-catering\/\" \/>\n<meta property=\"og:locale\" content=\"en_US\" \/>\n<meta property=\"og:type\" content=\"article\" \/>\n<meta property=\"og:title\" content=\"High Volume Catering\" \/>\n<meta property=\"og:description\" content=\"Inkoop Group High Volume Catering Carefully managed projects, analyzing each step of the operation and with the help of artificial intelligence, allow us to keep a close eye on the minimum and maximum of the products that our customers keep in their key points. De esta forma, garantiza el control de cu\u00e1ndo iniciar el procesoHigh Volume Catering\" \/>\n<meta property=\"og:url\" content=\"https:\/\/www.inkoop-group.com\/en\/high-volume-catering\/\" \/>\n<meta property=\"og:site_name\" content=\"Inkoop Group\" \/>\n<meta property=\"article:modified_time\" content=\"2022-12-09T13:01:18+00:00\" \/>\n<meta property=\"og:image\" content=\"https:\/\/www.inkoop-group.com\/wp-content\/uploads\/2022\/11\/boton-inkoop.png\" \/>\n<meta name=\"twitter:card\" content=\"summary_large_image\" \/>\n<meta name=\"twitter:label1\" content=\"Est. reading time\" \/>\n\t<meta name=\"twitter:data1\" content=\"1 minute\" \/>\n<script type=\"application\/ld+json\" class=\"yoast-schema-graph\">{\"@context\":\"https:\/\/schema.org\",\"@graph\":[{\"@type\":\"WebPage\",\"@id\":\"https:\/\/www.inkoop-group.com\/en\/high-volume-catering\/\",\"url\":\"https:\/\/www.inkoop-group.com\/en\/high-volume-catering\/\",\"name\":\"High Volume Catering - Inkoop Group\",\"isPartOf\":{\"@id\":\"https:\/\/www.inkoop-group.com\/en\/#website\"},\"primaryImageOfPage\":{\"@id\":\"https:\/\/www.inkoop-group.com\/en\/high-volume-catering\/#primaryimage\"},\"image\":{\"@id\":\"https:\/\/www.inkoop-group.com\/en\/high-volume-catering\/#primaryimage\"},\"thumbnailUrl\":\"https:\/\/www.inkoop-group.com\/wp-content\/uploads\/2022\/11\/boton-inkoop.png\",\"datePublished\":\"2022-06-30T15:17:30+00:00\",\"dateModified\":\"2022-12-09T13:01:18+00:00\",\"breadcrumb\":{\"@id\":\"https:\/\/www.inkoop-group.com\/en\/high-volume-catering\/#breadcrumb\"},\"inLanguage\":\"en-US\",\"potentialAction\":[{\"@type\":\"ReadAction\",\"target\":[\"https:\/\/www.inkoop-group.com\/en\/high-volume-catering\/\"]}]},{\"@type\":\"ImageObject\",\"inLanguage\":\"en-US\",\"@id\":\"https:\/\/www.inkoop-group.com\/en\/high-volume-catering\/#primaryimage\",\"url\":\"https:\/\/www.inkoop-group.com\/wp-content\/uploads\/2022\/11\/boton-inkoop.png\",\"contentUrl\":\"https:\/\/www.inkoop-group.com\/wp-content\/uploads\/2022\/11\/boton-inkoop.png\"},{\"@type\":\"BreadcrumbList\",\"@id\":\"https:\/\/www.inkoop-group.com\/en\/high-volume-catering\/#breadcrumb\",\"itemListElement\":[{\"@type\":\"ListItem\",\"position\":1,\"name\":\"Inicio\",\"item\":\"https:\/\/www.inkoop-group.com\/en\/\"},{\"@type\":\"ListItem\",\"position\":2,\"name\":\"High Volume Catering\"}]},{\"@type\":\"WebSite\",\"@id\":\"https:\/\/www.inkoop-group.com\/en\/#website\",\"url\":\"https:\/\/www.inkoop-group.com\/en\/\",\"name\":\"Inkoop Group\",\"description\":\"Somos una empresa paname\u00f1a, nos dedicamos a la importaci\u00f3n y exportaci\u00f3n de alimentos y productos no perecederos\",\"publisher\":{\"@id\":\"https:\/\/www.inkoop-group.com\/en\/#organization\"},\"potentialAction\":[{\"@type\":\"SearchAction\",\"target\":{\"@type\":\"EntryPoint\",\"urlTemplate\":\"https:\/\/www.inkoop-group.com\/en\/?s={search_term_string}\"},\"query-input\":{\"@type\":\"PropertyValueSpecification\",\"valueRequired\":true,\"valueName\":\"search_term_string\"}}],\"inLanguage\":\"en-US\"},{\"@type\":\"Organization\",\"@id\":\"https:\/\/www.inkoop-group.com\/en\/#organization\",\"name\":\"Inkoop Group\",\"url\":\"https:\/\/www.inkoop-group.com\/en\/\",\"logo\":{\"@type\":\"ImageObject\",\"inLanguage\":\"en-US\",\"@id\":\"https:\/\/www.inkoop-group.com\/en\/#\/schema\/logo\/image\/\",\"url\":\"https:\/\/www.inkoop-group.com\/wp-content\/uploads\/2022\/10\/inkoop.png\",\"contentUrl\":\"https:\/\/www.inkoop-group.com\/wp-content\/uploads\/2022\/10\/inkoop.png\",\"width\":500,\"height\":302,\"caption\":\"Inkoop Group\"},\"image\":{\"@id\":\"https:\/\/www.inkoop-group.com\/en\/#\/schema\/logo\/image\/\"},\"sameAs\":[\"https:\/\/www.instagram.com\/inkoopgroup\/\"]}]}<\/script>\n<!-- \/ Yoast SEO Premium plugin. -->","yoast_head_json":{"title":"High Volume Catering - Inkoop Group","robots":{"index":"index","follow":"follow","max-snippet":"max-snippet:-1","max-image-preview":"max-image-preview:large","max-video-preview":"max-video-preview:-1"},"canonical":"https:\/\/www.inkoop-group.com\/en\/high-volume-catering\/","og_locale":"en_US","og_type":"article","og_title":"High Volume Catering","og_description":"Inkoop Group High Volume Catering Carefully managed projects, analyzing each step of the operation and with the help of artificial intelligence, allow us to keep a close eye on the minimum and maximum of the products that our customers keep in their key points. De esta forma, garantiza el control de cu\u00e1ndo iniciar el procesoHigh Volume Catering","og_url":"https:\/\/www.inkoop-group.com\/en\/high-volume-catering\/","og_site_name":"Inkoop Group","article_modified_time":"2022-12-09T13:01:18+00:00","og_image":[{"url":"https:\/\/www.inkoop-group.com\/wp-content\/uploads\/2022\/11\/boton-inkoop.png","type":"","width":"","height":""}],"twitter_card":"summary_large_image","twitter_misc":{"Est. reading time":"1 minute"},"schema":{"@context":"https:\/\/schema.org","@graph":[{"@type":"WebPage","@id":"https:\/\/www.inkoop-group.com\/en\/high-volume-catering\/","url":"https:\/\/www.inkoop-group.com\/en\/high-volume-catering\/","name":"High Volume Catering - Inkoop Group","isPartOf":{"@id":"https:\/\/www.inkoop-group.com\/en\/#website"},"primaryImageOfPage":{"@id":"https:\/\/www.inkoop-group.com\/en\/high-volume-catering\/#primaryimage"},"image":{"@id":"https:\/\/www.inkoop-group.com\/en\/high-volume-catering\/#primaryimage"},"thumbnailUrl":"https:\/\/www.inkoop-group.com\/wp-content\/uploads\/2022\/11\/boton-inkoop.png","datePublished":"2022-06-30T15:17:30+00:00","dateModified":"2022-12-09T13:01:18+00:00","breadcrumb":{"@id":"https:\/\/www.inkoop-group.com\/en\/high-volume-catering\/#breadcrumb"},"inLanguage":"en-US","potentialAction":[{"@type":"ReadAction","target":["https:\/\/www.inkoop-group.com\/en\/high-volume-catering\/"]}]},{"@type":"ImageObject","inLanguage":"en-US","@id":"https:\/\/www.inkoop-group.com\/en\/high-volume-catering\/#primaryimage","url":"https:\/\/www.inkoop-group.com\/wp-content\/uploads\/2022\/11\/boton-inkoop.png","contentUrl":"https:\/\/www.inkoop-group.com\/wp-content\/uploads\/2022\/11\/boton-inkoop.png"},{"@type":"BreadcrumbList","@id":"https:\/\/www.inkoop-group.com\/en\/high-volume-catering\/#breadcrumb","itemListElement":[{"@type":"ListItem","position":1,"name":"Inicio","item":"https:\/\/www.inkoop-group.com\/en\/"},{"@type":"ListItem","position":2,"name":"High Volume Catering"}]},{"@type":"WebSite","@id":"https:\/\/www.inkoop-group.com\/en\/#website","url":"https:\/\/www.inkoop-group.com\/en\/","name":"Inkoop Group","description":"Somos una empresa paname\u00f1a, nos dedicamos a la importaci\u00f3n y exportaci\u00f3n de alimentos y productos no perecederos","publisher":{"@id":"https:\/\/www.inkoop-group.com\/en\/#organization"},"potentialAction":[{"@type":"SearchAction","target":{"@type":"EntryPoint","urlTemplate":"https:\/\/www.inkoop-group.com\/en\/?s={search_term_string}"},"query-input":{"@type":"PropertyValueSpecification","valueRequired":true,"valueName":"search_term_string"}}],"inLanguage":"en-US"},{"@type":"Organization","@id":"https:\/\/www.inkoop-group.com\/en\/#organization","name":"Inkoop Group","url":"https:\/\/www.inkoop-group.com\/en\/","logo":{"@type":"ImageObject","inLanguage":"en-US","@id":"https:\/\/www.inkoop-group.com\/en\/#\/schema\/logo\/image\/","url":"https:\/\/www.inkoop-group.com\/wp-content\/uploads\/2022\/10\/inkoop.png","contentUrl":"https:\/\/www.inkoop-group.com\/wp-content\/uploads\/2022\/10\/inkoop.png","width":500,"height":302,"caption":"Inkoop Group"},"image":{"@id":"https:\/\/www.inkoop-group.com\/en\/#\/schema\/logo\/image\/"},"sameAs":["https:\/\/www.instagram.com\/inkoopgroup\/"]}]}},"_links":{"self":[{"href":"https:\/\/www.inkoop-group.com\/en\/wp-json\/wp\/v2\/pages\/7822","targetHints":{"allow":["GET"]}}],"collection":[{"href":"https:\/\/www.inkoop-group.com\/en\/wp-json\/wp\/v2\/pages"}],"about":[{"href":"https:\/\/www.inkoop-group.com\/en\/wp-json\/wp\/v2\/types\/page"}],"author":[{"embeddable":true,"href":"https:\/\/www.inkoop-group.com\/en\/wp-json\/wp\/v2\/users\/1"}],"replies":[{"embeddable":true,"href":"https:\/\/www.inkoop-group.com\/en\/wp-json\/wp\/v2\/comments?post=7822"}],"version-history":[{"count":4,"href":"https:\/\/www.inkoop-group.com\/en\/wp-json\/wp\/v2\/pages\/7822\/revisions"}],"predecessor-version":[{"id":7827,"href":"https:\/\/www.inkoop-group.com\/en\/wp-json\/wp\/v2\/pages\/7822\/revisions\/7827"}],"wp:attachment":[{"href":"https:\/\/www.inkoop-group.com\/en\/wp-json\/wp\/v2\/media?parent=7822"}],"curies":[{"name":"wp","href":"https:\/\/api.w.org\/{rel}","templated":true}]}}