{"id":7828,"date":"2022-12-06T10:27:03","date_gmt":"2022-12-06T15:27:03","guid":{"rendered":"https:\/\/www.inkoop-group.com\/institucional\/"},"modified":"2026-01-21T23:16:49","modified_gmt":"2026-01-22T04:16:49","slug":"defense-government-support","status":"publish","type":"page","link":"https:\/\/www.inkoop-group.com\/en\/defense-government-support\/","title":{"rendered":"Defense &#038; Government Support"},"content":{"rendered":"\t\t<div data-elementor-type=\"wp-page\" data-elementor-id=\"7828\" class=\"elementor elementor-7828\" data-elementor-post-type=\"page\">\n\t\t\t\t\t\t<section class=\"elementor-section elementor-top-section elementor-element elementor-element-6f1a3eb6 elementor-section-height-min-height elementor-section-stretched elementor-section-content-middle elementor-section-boxed elementor-section-height-default elementor-section-items-middle\" data-id=\"6f1a3eb6\" data-element_type=\"section\" data-settings=\"{&quot;background_background&quot;:&quot;classic&quot;,&quot;stretch_section&quot;:&quot;section-stretched&quot;}\">\n\t\t\t\t\t\t\t<div class=\"elementor-background-overlay\"><\/div>\n\t\t\t\t\t\t\t<div class=\"elementor-container elementor-column-gap-default\">\n\t\t\t\t\t<div class=\"elementor-column elementor-col-100 elementor-top-column elementor-element elementor-element-48c659f0\" data-id=\"48c659f0\" data-element_type=\"column\" data-settings=\"{&quot;background_background&quot;:&quot;classic&quot;}\">\n\t\t\t<div class=\"elementor-widget-wrap elementor-element-populated\">\n\t\t\t\t\t\t<div class=\"elementor-element elementor-element-5d3aea elementor-widget elementor-widget-breadcrumbs\" data-id=\"5d3aea\" data-element_type=\"widget\" data-widget_type=\"breadcrumbs.default\">\n\t\t\t\t<div class=\"elementor-widget-container\">\n\t\t\t\t\t<p id=\"breadcrumbs\"><span><span><a href=\"https:\/\/www.inkoop-group.com\/en\/\">Inicio<\/a><\/span><\/span><\/p>\t\t\t\t<\/div>\n\t\t\t\t<\/div>\n\t\t\t\t<div class=\"elementor-element elementor-element-979343c elementor-widget__width-initial elementor-widget-tablet__width-initial elementor-widget elementor-widget-advanced-title\" data-id=\"979343c\" data-element_type=\"widget\" data-widget_type=\"advanced-title.default\">\n\t\t\t\t<div class=\"elementor-widget-container\">\n\t\t\t\t\t\t\t<div class=\"advanced-title\">\n\t\t\t<h1>Defense &amp; Government Support<\/h1>\t\t<\/div>\n\t\t\t\t\t\t<\/div>\n\t\t\t\t<\/div>\n\t\t\t\t\t<\/div>\n\t\t<\/div>\n\t\t\t\t\t<\/div>\n\t\t<\/section>\n\t\t\t\t<section class=\"elementor-section elementor-top-section elementor-element elementor-element-12c4395e elementor-section-boxed elementor-section-height-default elementor-section-height-default\" data-id=\"12c4395e\" data-element_type=\"section\">\n\t\t\t\t\t\t<div class=\"elementor-container elementor-column-gap-default\">\n\t\t\t\t\t<div class=\"elementor-column elementor-col-50 elementor-top-column elementor-element elementor-element-47d604e4\" data-id=\"47d604e4\" data-element_type=\"column\">\n\t\t\t<div class=\"elementor-widget-wrap elementor-element-populated\">\n\t\t\t\t\t\t<div class=\"elementor-element elementor-element-29465be4 elementor-widget elementor-widget-image\" data-id=\"29465be4\" data-element_type=\"widget\" data-widget_type=\"image.default\">\n\t\t\t\t<div class=\"elementor-widget-container\">\n\t\t\t\t\t\t\t\t\t\t\t\t\t\t\t<img fetchpriority=\"high\" decoding=\"async\" width=\"766\" height=\"665\" src=\"https:\/\/www.inkoop-group.com\/wp-content\/uploads\/2022\/11\/boton-inkoop.png\" class=\"attachment-large size-large wp-image-7652\" alt=\"\" srcset=\"https:\/\/www.inkoop-group.com\/wp-content\/uploads\/2022\/11\/boton-inkoop.png 766w, https:\/\/www.inkoop-group.com\/wp-content\/uploads\/2022\/11\/boton-inkoop-300x260.png 300w\" sizes=\"(max-width: 766px) 100vw, 766px\" \/>\t\t\t\t\t\t\t\t\t\t\t\t\t\t\t<\/div>\n\t\t\t\t<\/div>\n\t\t\t\t\t<\/div>\n\t\t<\/div>\n\t\t\t\t<div class=\"elementor-column elementor-col-50 elementor-top-column elementor-element elementor-element-5a003bbe\" data-id=\"5a003bbe\" data-element_type=\"column\">\n\t\t\t<div class=\"elementor-widget-wrap elementor-element-populated\">\n\t\t\t\t\t\t<div class=\"elementor-element elementor-element-152b241b elementor-widget elementor-widget-text-editor\" data-id=\"152b241b\" data-element_type=\"widget\" data-widget_type=\"text-editor.default\">\n\t\t\t\t<div class=\"elementor-widget-container\">\n\t\t\t\t\t\t\t\t\t<p>We have the expertise in serving a wide range of governmental entities, among which we can highlight school kitchens, specialty school kitchens, municipal kitchens, university kitchens, hospital kitchens, among others.<\/p>\t\t\t\t\t\t\t\t<\/div>\n\t\t\t\t<\/div>\n\t\t\t\t<div class=\"elementor-element elementor-element-48f7f27f elementor-widget elementor-widget-text-editor\" data-id=\"48f7f27f\" data-element_type=\"widget\" data-widget_type=\"text-editor.default\">\n\t\t\t\t<div class=\"elementor-widget-container\">\n\t\t\t\t\t\t\t\t\t<p><span lang=\"ES-TRAD\">We use our experience, suppliers around the world, national suppliers and an excellent work team, which together with all our infrastructure at national and international level, allow us to optimize each step of the supply chain and consequently guaranteed to our customers, the best prices in the market on high quality products.<\/span><\/p>\t\t\t\t\t\t\t\t<\/div>\n\t\t\t\t<\/div>\n\t\t\t\t<div class=\"elementor-element elementor-element-6caf4663 elementor-widget elementor-widget-text-editor\" data-id=\"6caf4663\" data-element_type=\"widget\" data-widget_type=\"text-editor.default\">\n\t\t\t\t<div class=\"elementor-widget-container\">\n\t\t\t\t\t\t\t\t\t<p><span lang=\"ES-TRAD\">Our highly trained staff carefully manages and analyzes each step of the operation and with the help of artificial intelligence, allows us to keep a close track on the minimum and maximum of the products that our customers keep, thus ensuring the timely processing of all the necessary logistics on supplies and their deliveries.<\/span><\/p>\t\t\t\t\t\t\t\t<\/div>\n\t\t\t\t<\/div>\n\t\t\t\t\t<\/div>\n\t\t<\/div>\n\t\t\t\t\t<\/div>\n\t\t<\/section>\n\t\t\t\t<section class=\"elementor-section elementor-top-section elementor-element elementor-element-20154fcb elementor-section-boxed elementor-section-height-default elementor-section-height-default\" data-id=\"20154fcb\" data-element_type=\"section\" data-settings=\"{&quot;background_background&quot;:&quot;classic&quot;}\">\n\t\t\t\t\t\t<div class=\"elementor-container elementor-column-gap-default\">\n\t\t\t\t\t<div class=\"elementor-column elementor-col-100 elementor-top-column elementor-element elementor-element-77f0ee6d\" data-id=\"77f0ee6d\" data-element_type=\"column\">\n\t\t\t<div class=\"elementor-widget-wrap elementor-element-populated\">\n\t\t\t\t\t\t<section class=\"elementor-section elementor-inner-section elementor-element elementor-element-2ce382f8 elementor-section-boxed elementor-section-height-default elementor-section-height-default\" data-id=\"2ce382f8\" data-element_type=\"section\" data-settings=\"{&quot;background_background&quot;:&quot;classic&quot;}\">\n\t\t\t\t\t\t<div class=\"elementor-container elementor-column-gap-default\">\n\t\t\t\t\t<div class=\"elementor-column elementor-col-100 elementor-inner-column elementor-element elementor-element-35c3d18\" data-id=\"35c3d18\" data-element_type=\"column\" data-settings=\"{&quot;background_background&quot;:&quot;classic&quot;}\">\n\t\t\t<div class=\"elementor-widget-wrap elementor-element-populated\">\n\t\t\t\t\t\t<div class=\"elementor-element elementor-element-1fcc87ce elementor-widget__width-auto elementor-absolute elementor-view-default elementor-widget elementor-widget-icon\" data-id=\"1fcc87ce\" data-element_type=\"widget\" data-settings=\"{&quot;_position&quot;:&quot;absolute&quot;}\" data-widget_type=\"icon.default\">\n\t\t\t\t<div class=\"elementor-widget-container\">\n\t\t\t\t\t\t\t<div class=\"elementor-icon-wrapper\">\n\t\t\t<div class=\"elementor-icon\">\n\t\t\t<i aria-hidden=\"true\" class=\" companion-icon-question-circle\"><\/i>\t\t\t<\/div>\n\t\t<\/div>\n\t\t\t\t\t\t<\/div>\n\t\t\t\t<\/div>\n\t\t\t\t<div class=\"elementor-element elementor-element-118d67a9 elementor-widget__width-initial elementor-widget elementor-widget-heading\" data-id=\"118d67a9\" data-element_type=\"widget\" data-widget_type=\"heading.default\">\n\t\t\t\t<div class=\"elementor-widget-container\">\n\t\t\t\t\t<h2 class=\"elementor-heading-title elementor-size-default\">Contact us<\/h2>\t\t\t\t<\/div>\n\t\t\t\t<\/div>\n\t\t\t\t<div class=\"elementor-element elementor-element-32f4435b elementor-widget__width-initial elementor-widget elementor-widget-contact-form-7\" data-id=\"32f4435b\" data-element_type=\"widget\" data-widget_type=\"contact-form-7.default\">\n\t\t\t\t<div class=\"elementor-widget-container\">\n\t\t\t\t\t\t\t\t<div class=\"companion-cf7\">\n\t\t\t\t\n<div class=\"wpcf7 no-js\" id=\"wpcf7-f789-o1\" lang=\"en-US\" dir=\"ltr\" data-wpcf7-id=\"789\">\n<div class=\"screen-reader-response\"><p role=\"status\" aria-live=\"polite\" aria-atomic=\"true\"><\/p> <ul><\/ul><\/div>\n<form action=\"\/en\/wp-json\/wp\/v2\/pages\/7828#wpcf7-f789-o1\" method=\"post\" class=\"wpcf7-form init\" aria-label=\"Contact form\" novalidate=\"novalidate\" data-status=\"init\">\n<fieldset class=\"hidden-fields-container\"><input type=\"hidden\" name=\"_wpcf7\" value=\"789\" \/><input type=\"hidden\" name=\"_wpcf7_version\" value=\"6.1.4\" \/><input type=\"hidden\" name=\"_wpcf7_locale\" value=\"en_US\" \/><input type=\"hidden\" name=\"_wpcf7_unit_tag\" value=\"wpcf7-f789-o1\" \/><input type=\"hidden\" name=\"_wpcf7_container_post\" value=\"0\" \/><input type=\"hidden\" name=\"_wpcf7_posted_data_hash\" value=\"\" \/><input type=\"hidden\" name=\"_wpcf7_recaptcha_response\" value=\"\" \/>\n<\/fieldset>\n<div class=\"row\">\n\t<div class=\"stm-col-xl-9 stm-col-md-12\">\n\t\t<div class=\"row\">\n\t\t\t<div class=\"stm-col-xl-6\">\n\t\t\t\t<p><span class=\"wpcf7-form-control-wrap\" data-name=\"your-name\"><input size=\"40\" maxlength=\"400\" class=\"wpcf7-form-control wpcf7-text wpcf7-validates-as-required\" aria-required=\"true\" aria-invalid=\"false\" placeholder=\"Su nombre\" value=\"\" type=\"text\" name=\"your-name\" \/><\/span>\n\t\t\t\t<\/p>\n\t\t\t<\/div>\n\t\t\t<div class=\"stm-col-xl-6\">\n\t\t\t\t<p><span class=\"wpcf7-form-control-wrap\" data-name=\"your-email\"><input size=\"40\" maxlength=\"400\" class=\"wpcf7-form-control wpcf7-email wpcf7-validates-as-required wpcf7-text wpcf7-validates-as-email\" aria-required=\"true\" aria-invalid=\"false\" placeholder=\"Su email\" value=\"\" type=\"email\" name=\"your-email\" \/><\/span>\n\t\t\t\t<\/p>\n\t\t\t<\/div>\n\t\t<\/div>\n\t<\/div>\n<\/div>\n<div class=\"row\">\n\t<div class=\"stm-col-xl-9 stm-col-md-12\">\n\t\t<p><span class=\"wpcf7-form-control-wrap\" data-name=\"your-message\"><textarea cols=\"40\" rows=\"10\" maxlength=\"2000\" class=\"wpcf7-form-control wpcf7-textarea\" aria-invalid=\"false\" placeholder=\"Haga su consulta\" name=\"your-message\"><\/textarea><\/span>\n\t\t<\/p>\n\t<\/div>\n\t<div class=\"stm-col-xl-3 stm-col-md-12\">\n\t\t<p><input class=\"wpcf7-form-control wpcf7-submit has-spinner\" type=\"submit\" value=\"Enviar\" \/>\n\t\t<\/p>\n\t<\/div>\n<\/div><div class=\"wpcf7-response-output\" aria-hidden=\"true\"><\/div>\n<\/form>\n<\/div>\n\t\t\t<\/div>\n\t\t\t\t\t\t\t<\/div>\n\t\t\t\t<\/div>\n\t\t\t\t\t<\/div>\n\t\t<\/div>\n\t\t\t\t\t<\/div>\n\t\t<\/section>\n\t\t\t\t\t<\/div>\n\t\t<\/div>\n\t\t\t\t\t<\/div>\n\t\t<\/section>\n\t\t\t\t<\/div>\n\t\t","protected":false},"excerpt":{"rendered":"<p>Inkoop Group Institutional We have the expertise in serving a wide range of governmental entities, among which we can highlight school kitchens, specialty school kitchens, municipal kitchens, university kitchens, hospital kitchens, among others. We use our experience, suppliers around the world, national suppliers and an excellent work team, which together with all our infrastructure at<a href=\"https:\/\/www.inkoop-group.com\/en\/defense-government-support\/\" class=\"more-link\"><span class=\"screen-reader-text\">Defense &#038; Government Support<\/span><\/a><\/p>\n","protected":false},"author":1,"featured_media":0,"parent":0,"menu_order":0,"comment_status":"closed","ping_status":"closed","template":"","meta":{"footnotes":""},"class_list":["post-7828","page","type-page","status-publish","hentry"],"yoast_head":"<!-- This site is optimized with the Yoast SEO Premium plugin v26.0 (Yoast SEO v26.8) - https:\/\/yoast.com\/product\/yoast-seo-premium-wordpress\/ -->\n<title>Defense &amp; Government Support - Inkoop Group<\/title>\n<meta name=\"robots\" content=\"index, follow, max-snippet:-1, max-image-preview:large, max-video-preview:-1\" \/>\n<link rel=\"canonical\" href=\"https:\/\/www.inkoop-group.com\/en\/defense-government-support\/\" \/>\n<meta property=\"og:locale\" content=\"en_US\" \/>\n<meta property=\"og:type\" content=\"article\" \/>\n<meta property=\"og:title\" content=\"Defense &amp; Government Support\" \/>\n<meta property=\"og:description\" content=\"Inkoop Group Institutional We have the expertise in serving a wide range of governmental entities, among which we can highlight school kitchens, specialty school kitchens, municipal kitchens, university kitchens, hospital kitchens, among others. We use our experience, suppliers around the world, national suppliers and an excellent work team, which together with all our infrastructure atDefense &#038; Government Support\" \/>\n<meta property=\"og:url\" content=\"https:\/\/www.inkoop-group.com\/en\/defense-government-support\/\" \/>\n<meta property=\"og:site_name\" content=\"Inkoop Group\" \/>\n<meta property=\"article:modified_time\" content=\"2026-01-22T04:16:49+00:00\" \/>\n<meta property=\"og:image\" content=\"https:\/\/www.inkoop-group.com\/wp-content\/uploads\/2022\/11\/boton-inkoop.png\" \/>\n\t<meta property=\"og:image:width\" content=\"766\" \/>\n\t<meta property=\"og:image:height\" content=\"665\" \/>\n\t<meta property=\"og:image:type\" content=\"image\/png\" \/>\n<meta name=\"twitter:card\" content=\"summary_large_image\" \/>\n<meta name=\"twitter:label1\" content=\"Est. reading time\" \/>\n\t<meta name=\"twitter:data1\" content=\"1 minute\" \/>\n<script type=\"application\/ld+json\" class=\"yoast-schema-graph\">{\"@context\":\"https:\/\/schema.org\",\"@graph\":[{\"@type\":\"WebPage\",\"@id\":\"https:\/\/www.inkoop-group.com\/en\/defense-government-support\/\",\"url\":\"https:\/\/www.inkoop-group.com\/en\/defense-government-support\/\",\"name\":\"Defense & Government Support - Inkoop Group\",\"isPartOf\":{\"@id\":\"https:\/\/www.inkoop-group.com\/en\/#website\"},\"primaryImageOfPage\":{\"@id\":\"https:\/\/www.inkoop-group.com\/en\/defense-government-support\/#primaryimage\"},\"image\":{\"@id\":\"https:\/\/www.inkoop-group.com\/en\/defense-government-support\/#primaryimage\"},\"thumbnailUrl\":\"https:\/\/www.inkoop-group.com\/wp-content\/uploads\/2022\/11\/boton-inkoop.png\",\"datePublished\":\"2022-12-06T15:27:03+00:00\",\"dateModified\":\"2026-01-22T04:16:49+00:00\",\"breadcrumb\":{\"@id\":\"https:\/\/www.inkoop-group.com\/en\/defense-government-support\/#breadcrumb\"},\"inLanguage\":\"en-US\",\"potentialAction\":[{\"@type\":\"ReadAction\",\"target\":[\"https:\/\/www.inkoop-group.com\/en\/defense-government-support\/\"]}]},{\"@type\":\"ImageObject\",\"inLanguage\":\"en-US\",\"@id\":\"https:\/\/www.inkoop-group.com\/en\/defense-government-support\/#primaryimage\",\"url\":\"https:\/\/www.inkoop-group.com\/wp-content\/uploads\/2022\/11\/boton-inkoop.png\",\"contentUrl\":\"https:\/\/www.inkoop-group.com\/wp-content\/uploads\/2022\/11\/boton-inkoop.png\"},{\"@type\":\"BreadcrumbList\",\"@id\":\"https:\/\/www.inkoop-group.com\/en\/defense-government-support\/#breadcrumb\",\"itemListElement\":[{\"@type\":\"ListItem\",\"position\":1,\"name\":\"Inicio\",\"item\":\"https:\/\/www.inkoop-group.com\/en\/\"},{\"@type\":\"ListItem\",\"position\":2,\"name\":\"Defense &#038; Government Support\"}]},{\"@type\":\"WebSite\",\"@id\":\"https:\/\/www.inkoop-group.com\/en\/#website\",\"url\":\"https:\/\/www.inkoop-group.com\/en\/\",\"name\":\"Inkoop Group\",\"description\":\"Somos una empresa paname\u00f1a, nos dedicamos a la importaci\u00f3n y exportaci\u00f3n de alimentos y productos no perecederos\",\"publisher\":{\"@id\":\"https:\/\/www.inkoop-group.com\/en\/#organization\"},\"potentialAction\":[{\"@type\":\"SearchAction\",\"target\":{\"@type\":\"EntryPoint\",\"urlTemplate\":\"https:\/\/www.inkoop-group.com\/en\/?s={search_term_string}\"},\"query-input\":{\"@type\":\"PropertyValueSpecification\",\"valueRequired\":true,\"valueName\":\"search_term_string\"}}],\"inLanguage\":\"en-US\"},{\"@type\":\"Organization\",\"@id\":\"https:\/\/www.inkoop-group.com\/en\/#organization\",\"name\":\"Inkoop Group\",\"url\":\"https:\/\/www.inkoop-group.com\/en\/\",\"logo\":{\"@type\":\"ImageObject\",\"inLanguage\":\"en-US\",\"@id\":\"https:\/\/www.inkoop-group.com\/en\/#\/schema\/logo\/image\/\",\"url\":\"https:\/\/www.inkoop-group.com\/wp-content\/uploads\/2022\/10\/inkoop.png\",\"contentUrl\":\"https:\/\/www.inkoop-group.com\/wp-content\/uploads\/2022\/10\/inkoop.png\",\"width\":500,\"height\":302,\"caption\":\"Inkoop Group\"},\"image\":{\"@id\":\"https:\/\/www.inkoop-group.com\/en\/#\/schema\/logo\/image\/\"},\"sameAs\":[\"https:\/\/www.instagram.com\/inkoopgroup\/\"]}]}<\/script>\n<!-- \/ Yoast SEO Premium plugin. -->","yoast_head_json":{"title":"Defense & Government Support - Inkoop Group","robots":{"index":"index","follow":"follow","max-snippet":"max-snippet:-1","max-image-preview":"max-image-preview:large","max-video-preview":"max-video-preview:-1"},"canonical":"https:\/\/www.inkoop-group.com\/en\/defense-government-support\/","og_locale":"en_US","og_type":"article","og_title":"Defense & Government Support","og_description":"Inkoop Group Institutional We have the expertise in serving a wide range of governmental entities, among which we can highlight school kitchens, specialty school kitchens, municipal kitchens, university kitchens, hospital kitchens, among others. We use our experience, suppliers around the world, national suppliers and an excellent work team, which together with all our infrastructure atDefense &#038; Government Support","og_url":"https:\/\/www.inkoop-group.com\/en\/defense-government-support\/","og_site_name":"Inkoop Group","article_modified_time":"2026-01-22T04:16:49+00:00","og_image":[{"width":766,"height":665,"url":"https:\/\/www.inkoop-group.com\/wp-content\/uploads\/2022\/11\/boton-inkoop.png","type":"image\/png"}],"twitter_card":"summary_large_image","twitter_misc":{"Est. reading time":"1 minute"},"schema":{"@context":"https:\/\/schema.org","@graph":[{"@type":"WebPage","@id":"https:\/\/www.inkoop-group.com\/en\/defense-government-support\/","url":"https:\/\/www.inkoop-group.com\/en\/defense-government-support\/","name":"Defense & Government Support - Inkoop Group","isPartOf":{"@id":"https:\/\/www.inkoop-group.com\/en\/#website"},"primaryImageOfPage":{"@id":"https:\/\/www.inkoop-group.com\/en\/defense-government-support\/#primaryimage"},"image":{"@id":"https:\/\/www.inkoop-group.com\/en\/defense-government-support\/#primaryimage"},"thumbnailUrl":"https:\/\/www.inkoop-group.com\/wp-content\/uploads\/2022\/11\/boton-inkoop.png","datePublished":"2022-12-06T15:27:03+00:00","dateModified":"2026-01-22T04:16:49+00:00","breadcrumb":{"@id":"https:\/\/www.inkoop-group.com\/en\/defense-government-support\/#breadcrumb"},"inLanguage":"en-US","potentialAction":[{"@type":"ReadAction","target":["https:\/\/www.inkoop-group.com\/en\/defense-government-support\/"]}]},{"@type":"ImageObject","inLanguage":"en-US","@id":"https:\/\/www.inkoop-group.com\/en\/defense-government-support\/#primaryimage","url":"https:\/\/www.inkoop-group.com\/wp-content\/uploads\/2022\/11\/boton-inkoop.png","contentUrl":"https:\/\/www.inkoop-group.com\/wp-content\/uploads\/2022\/11\/boton-inkoop.png"},{"@type":"BreadcrumbList","@id":"https:\/\/www.inkoop-group.com\/en\/defense-government-support\/#breadcrumb","itemListElement":[{"@type":"ListItem","position":1,"name":"Inicio","item":"https:\/\/www.inkoop-group.com\/en\/"},{"@type":"ListItem","position":2,"name":"Defense &#038; Government Support"}]},{"@type":"WebSite","@id":"https:\/\/www.inkoop-group.com\/en\/#website","url":"https:\/\/www.inkoop-group.com\/en\/","name":"Inkoop Group","description":"Somos una empresa paname\u00f1a, nos dedicamos a la importaci\u00f3n y exportaci\u00f3n de alimentos y productos no perecederos","publisher":{"@id":"https:\/\/www.inkoop-group.com\/en\/#organization"},"potentialAction":[{"@type":"SearchAction","target":{"@type":"EntryPoint","urlTemplate":"https:\/\/www.inkoop-group.com\/en\/?s={search_term_string}"},"query-input":{"@type":"PropertyValueSpecification","valueRequired":true,"valueName":"search_term_string"}}],"inLanguage":"en-US"},{"@type":"Organization","@id":"https:\/\/www.inkoop-group.com\/en\/#organization","name":"Inkoop Group","url":"https:\/\/www.inkoop-group.com\/en\/","logo":{"@type":"ImageObject","inLanguage":"en-US","@id":"https:\/\/www.inkoop-group.com\/en\/#\/schema\/logo\/image\/","url":"https:\/\/www.inkoop-group.com\/wp-content\/uploads\/2022\/10\/inkoop.png","contentUrl":"https:\/\/www.inkoop-group.com\/wp-content\/uploads\/2022\/10\/inkoop.png","width":500,"height":302,"caption":"Inkoop Group"},"image":{"@id":"https:\/\/www.inkoop-group.com\/en\/#\/schema\/logo\/image\/"},"sameAs":["https:\/\/www.instagram.com\/inkoopgroup\/"]}]}},"_links":{"self":[{"href":"https:\/\/www.inkoop-group.com\/en\/wp-json\/wp\/v2\/pages\/7828","targetHints":{"allow":["GET"]}}],"collection":[{"href":"https:\/\/www.inkoop-group.com\/en\/wp-json\/wp\/v2\/pages"}],"about":[{"href":"https:\/\/www.inkoop-group.com\/en\/wp-json\/wp\/v2\/types\/page"}],"author":[{"embeddable":true,"href":"https:\/\/www.inkoop-group.com\/en\/wp-json\/wp\/v2\/users\/1"}],"replies":[{"embeddable":true,"href":"https:\/\/www.inkoop-group.com\/en\/wp-json\/wp\/v2\/comments?post=7828"}],"version-history":[{"count":5,"href":"https:\/\/www.inkoop-group.com\/en\/wp-json\/wp\/v2\/pages\/7828\/revisions"}],"predecessor-version":[{"id":8302,"href":"https:\/\/www.inkoop-group.com\/en\/wp-json\/wp\/v2\/pages\/7828\/revisions\/8302"}],"wp:attachment":[{"href":"https:\/\/www.inkoop-group.com\/en\/wp-json\/wp\/v2\/media?parent=7828"}],"curies":[{"name":"wp","href":"https:\/\/api.w.org\/{rel}","templated":true}]}}